{"id":875,"date":"2022-11-16T15:31:35","date_gmt":"2022-11-16T15:31:35","guid":{"rendered":"https:\/\/casadelfin.bizupwebdesign.com\/?page_id=875"},"modified":"2022-11-16T15:47:50","modified_gmt":"2022-11-16T15:47:50","slug":"grups-i-events","status":"publish","type":"page","link":"https:\/\/casadelfinrestaurant.com\/ca\/grups-i-events\/","title":{"rendered":"Grups i events"},"content":{"rendered":"\t\t<div data-elementor-type=\"wp-page\" data-elementor-id=\"875\" class=\"elementor elementor-875 elementor-824\" data-elementor-post-type=\"page\">\n\t\t\t\t\t\t<section class=\"elementor-section elementor-top-section elementor-element elementor-element-da23680 elementor-section-boxed elementor-section-height-default elementor-section-height-default\" data-id=\"da23680\" data-element_type=\"section\" data-e-type=\"section\">\n\t\t\t\t\t\t<div class=\"elementor-container elementor-column-gap-default\">\n\t\t\t\t\t<div class=\"elementor-column elementor-col-100 elementor-top-column elementor-element elementor-element-19b8f59\" data-id=\"19b8f59\" data-element_type=\"column\" data-e-type=\"column\">\n\t\t\t<div class=\"elementor-widget-wrap\">\n\t\t\t\t\t\t\t<\/div>\n\t\t<\/div>\n\t\t\t\t\t<\/div>\n\t\t<\/section>\n\t\t\t\t<section class=\"elementor-section elementor-top-section elementor-element elementor-element-70a040f9 elementor-section-content-middle elementor-section-boxed elementor-section-height-default elementor-section-height-default\" data-id=\"70a040f9\" data-element_type=\"section\" data-e-type=\"section\">\n\t\t\t\t\t\t<div class=\"elementor-container elementor-column-gap-no\">\n\t\t\t\t\t<div class=\"elementor-column elementor-col-33 elementor-top-column elementor-element elementor-element-516cfb97\" data-id=\"516cfb97\" data-element_type=\"column\" data-e-type=\"column\">\n\t\t\t<div class=\"elementor-widget-wrap elementor-element-populated\">\n\t\t\t\t\t\t<div class=\"elementor-element elementor-element-1f7ea017 elementor-widget elementor-widget-text-editor\" data-id=\"1f7ea017\" data-element_type=\"widget\" data-e-type=\"widget\" data-widget_type=\"text-editor.default\">\n\t\t\t\t<div class=\"elementor-widget-container\">\n\t\t\t\t\t\t\t\t\t<p>grups y events<\/p>\t\t\t\t\t\t\t\t<\/div>\n\t\t\t\t<\/div>\n\t\t\t\t<div class=\"elementor-element elementor-element-1db811bf elementor-widget elementor-widget-heading\" data-id=\"1db811bf\" data-element_type=\"widget\" data-e-type=\"widget\" data-widget_type=\"heading.default\">\n\t\t\t\t<div class=\"elementor-widget-container\">\n\t\t\t\t\t<h3 class=\"elementor-heading-title elementor-size-default\">Formulari  contacte<\/h3>\t\t\t\t<\/div>\n\t\t\t\t<\/div>\n\t\t\t\t<div class=\"elementor-element elementor-element-5de3dcca elementor-widget elementor-widget-image\" data-id=\"5de3dcca\" data-element_type=\"widget\" data-e-type=\"widget\" data-widget_type=\"image.default\">\n\t\t\t\t<div class=\"elementor-widget-container\">\n\t\t\t\t\t\t\t\t\t\t\t\t\t\t\t<img fetchpriority=\"high\" decoding=\"async\" width=\"1024\" height=\"1024\" src=\"https:\/\/casadelfinrestaurant.com\/wp-content\/uploads\/2022\/11\/ESPACIOS-DELFIN-Low-1024x1024.jpg\" class=\"elementor-animation-grow attachment-large size-large wp-image-831\" alt=\"Espacios restaurante casa delfin\" srcset=\"https:\/\/casadelfinrestaurant.com\/wp-content\/uploads\/2022\/11\/ESPACIOS-DELFIN-Low-1024x1024.jpg 1024w, https:\/\/casadelfinrestaurant.com\/wp-content\/uploads\/2022\/11\/ESPACIOS-DELFIN-Low-300x300.jpg 300w, https:\/\/casadelfinrestaurant.com\/wp-content\/uploads\/2022\/11\/ESPACIOS-DELFIN-Low-150x150.jpg 150w, https:\/\/casadelfinrestaurant.com\/wp-content\/uploads\/2022\/11\/ESPACIOS-DELFIN-Low-768x768.jpg 768w, https:\/\/casadelfinrestaurant.com\/wp-content\/uploads\/2022\/11\/ESPACIOS-DELFIN-Low-1536x1536.jpg 1536w, https:\/\/casadelfinrestaurant.com\/wp-content\/uploads\/2022\/11\/ESPACIOS-DELFIN-Low.jpg 1600w\" sizes=\"(max-width: 1024px) 100vw, 1024px\" \/>\t\t\t\t\t\t\t\t\t\t\t\t\t\t\t<\/div>\n\t\t\t\t<\/div>\n\t\t\t\t\t<\/div>\n\t\t<\/div>\n\t\t\t\t<div class=\"elementor-column elementor-col-33 elementor-top-column elementor-element elementor-element-c8c4dc1\" data-id=\"c8c4dc1\" data-element_type=\"column\" data-e-type=\"column\">\n\t\t\t<div class=\"elementor-widget-wrap elementor-element-populated\">\n\t\t\t\t\t\t<div class=\"elementor-element elementor-element-69e281ed elementor-widget elementor-widget-image\" data-id=\"69e281ed\" data-element_type=\"widget\" data-e-type=\"widget\" data-widget_type=\"image.default\">\n\t\t\t\t<div class=\"elementor-widget-container\">\n\t\t\t\t\t\t\t\t\t\t\t\t\t\t\t<img decoding=\"async\" width=\"1024\" height=\"1024\" src=\"https:\/\/casadelfinrestaurant.com\/wp-content\/uploads\/2022\/11\/ESPACIOS-DELFIN-LOW-2-1024x1024.jpg\" class=\"elementor-animation-grow attachment-large size-large wp-image-843\" alt=\"\" srcset=\"https:\/\/casadelfinrestaurant.com\/wp-content\/uploads\/2022\/11\/ESPACIOS-DELFIN-LOW-2-1024x1024.jpg 1024w, https:\/\/casadelfinrestaurant.com\/wp-content\/uploads\/2022\/11\/ESPACIOS-DELFIN-LOW-2-300x300.jpg 300w, https:\/\/casadelfinrestaurant.com\/wp-content\/uploads\/2022\/11\/ESPACIOS-DELFIN-LOW-2-150x150.jpg 150w, https:\/\/casadelfinrestaurant.com\/wp-content\/uploads\/2022\/11\/ESPACIOS-DELFIN-LOW-2-768x768.jpg 768w, https:\/\/casadelfinrestaurant.com\/wp-content\/uploads\/2022\/11\/ESPACIOS-DELFIN-LOW-2-1536x1536.jpg 1536w, https:\/\/casadelfinrestaurant.com\/wp-content\/uploads\/2022\/11\/ESPACIOS-DELFIN-LOW-2.jpg 1600w\" sizes=\"(max-width: 1024px) 100vw, 1024px\" \/>\t\t\t\t\t\t\t\t\t\t\t\t\t\t\t<\/div>\n\t\t\t\t<\/div>\n\t\t\t\t<div class=\"elementor-element elementor-element-599f4fa4 elementor-widget elementor-widget-text-editor\" data-id=\"599f4fa4\" data-element_type=\"widget\" data-e-type=\"widget\" data-widget_type=\"text-editor.default\">\n\t\t\t\t<div class=\"elementor-widget-container\">\n\t\t\t\t\t\t\t\t\t<p>Si est\u00e1s pensant en celebrar un esdevenivent, aniversari, reuni\u00f3 d&#8217;amics o fam\u00edlia, a Casa Delf\u00edn trobar\u00e1s men\u00fas de grup i un espai semi privat per a fins 22 persones. A m\u00e9s de moltes ganes de que t\u00fa i els teus ho passeu b\u00e9 amb nosaltres.<\/p>\t\t\t\t\t\t\t\t<\/div>\n\t\t\t\t<\/div>\n\t\t\t\t\t<\/div>\n\t\t<\/div>\n\t\t\t\t<div class=\"elementor-column elementor-col-33 elementor-top-column elementor-element elementor-element-603f6a45\" data-id=\"603f6a45\" data-element_type=\"column\" data-e-type=\"column\">\n\t\t\t<div class=\"elementor-widget-wrap elementor-element-populated\">\n\t\t\t\t\t\t<div class=\"elementor-element elementor-element-114653c7 elementor-widget elementor-widget-image\" data-id=\"114653c7\" data-element_type=\"widget\" data-e-type=\"widget\" data-widget_type=\"image.default\">\n\t\t\t\t<div class=\"elementor-widget-container\">\n\t\t\t\t\t\t\t\t\t\t\t\t\t\t\t<img decoding=\"async\" width=\"1080\" height=\"1080\" src=\"https:\/\/casadelfinrestaurant.com\/wp-content\/uploads\/2022\/06\/galeria-04.jpg\" class=\"elementor-animation-grow attachment-full size-full wp-image-239\" alt=\"\" srcset=\"https:\/\/casadelfinrestaurant.com\/wp-content\/uploads\/2022\/06\/galeria-04.jpg 1080w, https:\/\/casadelfinrestaurant.com\/wp-content\/uploads\/2022\/06\/galeria-04-300x300.jpg 300w, https:\/\/casadelfinrestaurant.com\/wp-content\/uploads\/2022\/06\/galeria-04-1024x1024.jpg 1024w, https:\/\/casadelfinrestaurant.com\/wp-content\/uploads\/2022\/06\/galeria-04-150x150.jpg 150w, https:\/\/casadelfinrestaurant.com\/wp-content\/uploads\/2022\/06\/galeria-04-768x768.jpg 768w\" sizes=\"(max-width: 1080px) 100vw, 1080px\" \/>\t\t\t\t\t\t\t\t\t\t\t\t\t\t\t<\/div>\n\t\t\t\t<\/div>\n\t\t\t\t\t<\/div>\n\t\t<\/div>\n\t\t\t\t\t<\/div>\n\t\t<\/section>\n\t\t\t\t<section class=\"elementor-section elementor-top-section elementor-element elementor-element-2fc0ce5 elementor-section-boxed elementor-section-height-default elementor-section-height-default\" data-id=\"2fc0ce5\" data-element_type=\"section\" data-e-type=\"section\">\n\t\t\t\t\t\t<div class=\"elementor-container elementor-column-gap-default\">\n\t\t\t\t\t<div class=\"elementor-column elementor-col-50 elementor-top-column elementor-element elementor-element-3b65f92\" data-id=\"3b65f92\" data-element_type=\"column\" data-e-type=\"column\">\n\t\t\t<div class=\"elementor-widget-wrap elementor-element-populated\">\n\t\t\t\t\t\t<div class=\"elementor-element elementor-element-b4251b7 elementor-widget elementor-widget-text-editor\" data-id=\"b4251b7\" data-element_type=\"widget\" data-e-type=\"widget\" data-widget_type=\"text-editor.default\">\n\t\t\t\t<div class=\"elementor-widget-container\">\n\t\t\t\t\t\t\t\t\tEnvia&#8217;ns els teus dubtes i peticions a trav\u00e9s d&#8217;aquest formulari i t&#8217;informarem sense cap mena de comprom\u00eds. O, si ho prefereixes, pots fer-nos arribar un email <a href=\"mailto:comercial@tallerdetapas.com\">comercial@tallerdetapas.com<\/a>.\t\t\t\t\t\t\t\t<\/div>\n\t\t\t\t<\/div>\n\t\t\t\t<div class=\"elementor-element elementor-element-720875b elementor-button-align-stretch elementor-widget elementor-widget-form\" data-id=\"720875b\" data-element_type=\"widget\" data-e-type=\"widget\" data-settings=\"{&quot;step_next_label&quot;:&quot;Siguiente&quot;,&quot;step_previous_label&quot;:&quot;Anterior&quot;,&quot;button_width&quot;:&quot;100&quot;,&quot;step_type&quot;:&quot;number_text&quot;,&quot;step_icon_shape&quot;:&quot;circle&quot;}\" data-widget_type=\"form.default\">\n\t\t\t\t<div class=\"elementor-widget-container\">\n\t\t\t\t\t\t\t<form class=\"elementor-form\" method=\"post\" name=\"Grupos y eventos\">\n\t\t\t<input type=\"hidden\" name=\"post_id\" value=\"875\"\/>\n\t\t\t<input type=\"hidden\" name=\"form_id\" value=\"720875b\"\/>\n\t\t\t<input type=\"hidden\" name=\"referer_title\" value=\"Grups i events\" \/>\n\n\t\t\t\t\t\t\t<input type=\"hidden\" name=\"queried_id\" value=\"875\"\/>\n\t\t\t\n\t\t\t<div class=\"elementor-form-fields-wrapper elementor-labels-above\">\n\t\t\t\t\t\t\t\t<div class=\"elementor-field-type-text elementor-field-group elementor-column elementor-field-group-name elementor-col-100\">\n\t\t\t\t\t\t\t\t\t\t\t\t<label for=\"form-field-name\" class=\"elementor-field-label\">\n\t\t\t\t\t\t\t\tEl teu nom\t\t\t\t\t\t\t<\/label>\n\t\t\t\t\t\t\t\t\t\t\t\t\t\t<input size=\"1\" type=\"text\" name=\"form_fields[name]\" id=\"form-field-name\" class=\"elementor-field elementor-size-sm  elementor-field-textual\" placeholder=\"Nom\">\n\t\t\t\t\t\t\t\t\t\t\t<\/div>\n\t\t\t\t\t\t\t\t<div class=\"elementor-field-type-email elementor-field-group elementor-column elementor-field-group-email elementor-col-100 elementor-field-required elementor-mark-required\">\n\t\t\t\t\t\t\t\t\t\t\t\t<label for=\"form-field-email\" class=\"elementor-field-label\">\n\t\t\t\t\t\t\t\tEl teu correu electr\u00f3nic\t\t\t\t\t\t\t<\/label>\n\t\t\t\t\t\t\t\t\t\t\t\t\t\t<input size=\"1\" type=\"email\" name=\"form_fields[email]\" id=\"form-field-email\" class=\"elementor-field elementor-size-sm  elementor-field-textual\" placeholder=\"Correu electr\u00f3nic\" required=\"required\" aria-required=\"true\">\n\t\t\t\t\t\t\t\t\t\t\t<\/div>\n\t\t\t\t\t\t\t\t<div class=\"elementor-field-type-textarea elementor-field-group elementor-column elementor-field-group-message elementor-col-100\">\n\t\t\t\t\t\t\t\t\t\t\t\t<label for=\"form-field-message\" class=\"elementor-field-label\">\n\t\t\t\t\t\t\t\t\u00bfQu\u00e9 quieres decirnos?\t\t\t\t\t\t\t<\/label>\n\t\t\t\t\t\t<textarea class=\"elementor-field-textual elementor-field  elementor-size-sm\" name=\"form_fields[message]\" id=\"form-field-message\" rows=\"4\" placeholder=\"Explica&#039;ns \"><\/textarea>\t\t\t\t<\/div>\n\t\t\t\t\t\t\t\t<div class=\"elementor-field-group elementor-column elementor-field-type-submit elementor-col-100 e-form__buttons\">\n\t\t\t\t\t<button class=\"elementor-button elementor-size-sm\" type=\"submit\">\n\t\t\t\t\t\t<span class=\"elementor-button-content-wrapper\">\n\t\t\t\t\t\t\t\t\t\t\t\t\t\t\t\t\t\t\t\t\t\t<span class=\"elementor-button-text\">Enviar<\/span>\n\t\t\t\t\t\t\t\t\t\t\t\t\t<\/span>\n\t\t\t\t\t<\/button>\n\t\t\t\t<\/div>\n\t\t\t<\/div>\n\t\t<\/form>\n\t\t\t\t\t\t<\/div>\n\t\t\t\t<\/div>\n\t\t\t\t\t<\/div>\n\t\t<\/div>\n\t\t\t\t<div class=\"elementor-column elementor-col-50 elementor-top-column elementor-element elementor-element-695199a\" data-id=\"695199a\" data-element_type=\"column\" data-e-type=\"column\">\n\t\t\t<div class=\"elementor-widget-wrap elementor-element-populated\">\n\t\t\t\t\t\t<div class=\"elementor-element elementor-element-f85b523 elementor-widget elementor-widget-image\" data-id=\"f85b523\" data-element_type=\"widget\" data-e-type=\"widget\" data-widget_type=\"image.default\">\n\t\t\t\t<div class=\"elementor-widget-container\">\n\t\t\t\t\t\t\t\t\t\t\t\t\t\t\t<img loading=\"lazy\" decoding=\"async\" width=\"768\" height=\"1024\" src=\"https:\/\/casadelfinrestaurant.com\/wp-content\/uploads\/2022\/11\/CasaDelfin-low-768x1024.jpg\" class=\"attachment-large size-large wp-image-849\" alt=\"\" srcset=\"https:\/\/casadelfinrestaurant.com\/wp-content\/uploads\/2022\/11\/CasaDelfin-low-768x1023.jpg 768w, https:\/\/casadelfinrestaurant.com\/wp-content\/uploads\/2022\/11\/CasaDelfin-low-225x300.jpg 225w, https:\/\/casadelfinrestaurant.com\/wp-content\/uploads\/2022\/11\/CasaDelfin-low-1153x1536.jpg 1153w, https:\/\/casadelfinrestaurant.com\/wp-content\/uploads\/2022\/11\/CasaDelfin-low-1537x2048.jpg 1537w, https:\/\/casadelfinrestaurant.com\/wp-content\/uploads\/2022\/11\/CasaDelfin-low.jpg 1600w\" sizes=\"(max-width: 768px) 100vw, 768px\" \/>\t\t\t\t\t\t\t\t\t\t\t\t\t\t\t<\/div>\n\t\t\t\t<\/div>\n\t\t\t\t\t<\/div>\n\t\t<\/div>\n\t\t\t\t\t<\/div>\n\t\t<\/section>\n\t\t\t\t<section class=\"elementor-section elementor-top-section elementor-element elementor-element-f173f0d elementor-section-boxed elementor-section-height-default elementor-section-height-default\" data-id=\"f173f0d\" data-element_type=\"section\" data-e-type=\"section\">\n\t\t\t\t\t\t<div class=\"elementor-container elementor-column-gap-default\">\n\t\t\t\t\t<div class=\"elementor-column elementor-col-100 elementor-top-column elementor-element elementor-element-56daad7\" data-id=\"56daad7\" data-element_type=\"column\" data-e-type=\"column\">\n\t\t\t<div class=\"elementor-widget-wrap elementor-element-populated\">\n\t\t\t\t\t\t<div class=\"elementor-element elementor-element-73b52a9 elementor-widget elementor-widget-spacer\" data-id=\"73b52a9\" data-element_type=\"widget\" data-e-type=\"widget\" data-widget_type=\"spacer.default\">\n\t\t\t\t<div class=\"elementor-widget-container\">\n\t\t\t\t\t\t\t<div class=\"elementor-spacer\">\n\t\t\t<div class=\"elementor-spacer-inner\"><\/div>\n\t\t<\/div>\n\t\t\t\t\t\t<\/div>\n\t\t\t\t<\/div>\n\t\t\t\t\t<\/div>\n\t\t<\/div>\n\t\t\t\t\t<\/div>\n\t\t<\/section>\n\t\t\t\t<\/div>\n\t\t","protected":false},"excerpt":{"rendered":"<p>grups y events Formulari contacte Si est\u00e1s pensant en celebrar un esdevenivent, aniversari, reuni\u00f3 d&#8217;amics o fam\u00edlia, a Casa Delf\u00edn trobar\u00e1s men\u00fas de grup i un espai semi privat per a fins 22 persones. A m\u00e9s de moltes ganes de que t\u00fa i els teus ho passeu b\u00e9 amb nosaltres. Envia&#8217;ns els teus dubtes i &hellip;<\/p>\n<p class=\"read-more\"> <a class=\"\" href=\"https:\/\/casadelfinrestaurant.com\/ca\/grups-i-events\/\"> <span class=\"screen-reader-text\">Grups i events<\/span> Llegeix m\u00e9s &raquo;<\/a><\/p>\n","protected":false},"author":1,"featured_media":0,"parent":0,"menu_order":0,"comment_status":"closed","ping_status":"closed","template":"","meta":{"site-sidebar-layout":"no-sidebar","site-content-layout":"page-builder","ast-global-header-display":"","ast-main-header-display":"","ast-hfb-above-header-display":"","ast-hfb-below-header-display":"","ast-hfb-mobile-header-display":"","site-post-title":"disabled","ast-breadcrumbs-content":"","ast-featured-img":"disabled","footer-sml-layout":"","theme-transparent-header-meta":"","adv-header-id-meta":"","stick-header-meta":"","header-above-stick-meta":"","header-main-stick-meta":"","header-below-stick-meta":"","footnotes":""},"class_list":["post-875","page","type-page","status-publish","hentry"],"_links":{"self":[{"href":"https:\/\/casadelfinrestaurant.com\/ca\/wp-json\/wp\/v2\/pages\/875","targetHints":{"allow":["GET"]}}],"collection":[{"href":"https:\/\/casadelfinrestaurant.com\/ca\/wp-json\/wp\/v2\/pages"}],"about":[{"href":"https:\/\/casadelfinrestaurant.com\/ca\/wp-json\/wp\/v2\/types\/page"}],"author":[{"embeddable":true,"href":"https:\/\/casadelfinrestaurant.com\/ca\/wp-json\/wp\/v2\/users\/1"}],"replies":[{"embeddable":true,"href":"https:\/\/casadelfinrestaurant.com\/ca\/wp-json\/wp\/v2\/comments?post=875"}],"version-history":[{"count":6,"href":"https:\/\/casadelfinrestaurant.com\/ca\/wp-json\/wp\/v2\/pages\/875\/revisions"}],"predecessor-version":[{"id":891,"href":"https:\/\/casadelfinrestaurant.com\/ca\/wp-json\/wp\/v2\/pages\/875\/revisions\/891"}],"wp:attachment":[{"href":"https:\/\/casadelfinrestaurant.com\/ca\/wp-json\/wp\/v2\/media?parent=875"}],"curies":[{"name":"wp","href":"https:\/\/api.w.org\/{rel}","templated":true}]}}